{"id":38,"date":"2022-10-07T18:05:14","date_gmt":"2022-10-07T18:05:14","guid":{"rendered":"http:\/\/mistolancho.com.ar\/?page_id=38"},"modified":"2022-10-27T02:46:01","modified_gmt":"2022-10-27T02:46:01","slug":"global-gap","status":"publish","type":"page","link":"https:\/\/mistolancho.com.ar\/en\/global-gap\/","title":{"rendered":"Global GAP"},"content":{"rendered":"<div data-elementor-type=\"wp-page\" data-elementor-id=\"38\" class=\"elementor elementor-38\" data-elementor-post-type=\"page\">\n\t\t\t\t\t\t<section class=\"elementor-section elementor-top-section elementor-element elementor-element-da19051 elementor-section-height-min-height elementor-section-boxed elementor-section-height-default elementor-section-items-middle jltma-glass-effect-no\" data-id=\"da19051\" data-element_type=\"section\" data-e-type=\"section\" data-settings=\"{&quot;background_background&quot;:&quot;classic&quot;}\">\n\t\t\t\t\t\t\t<div class=\"elementor-background-overlay\"><\/div>\n\t\t\t\t\t\t\t<div class=\"elementor-container elementor-column-gap-default\">\n\t\t\t\t\t<div class=\"elementor-column elementor-col-100 elementor-top-column elementor-element elementor-element-bbc3f3b jltma-glass-effect-no\" data-id=\"bbc3f3b\" data-element_type=\"column\" data-e-type=\"column\">\n\t\t\t<div class=\"elementor-widget-wrap elementor-element-populated\">\n\t\t\t\t\t\t<div class=\"elementor-element elementor-element-cfdfff5 jltma-glass-effect-no elementor-widget elementor-widget-heading\" data-id=\"cfdfff5\" data-element_type=\"widget\" data-e-type=\"widget\" data-widget_type=\"heading.default\">\n\t\t\t\t<div class=\"elementor-widget-container\">\n\t\t\t\t\t<h1 class=\"elementor-heading-title elementor-size-default\"><span class=\"f-normal-w\">GLOBAL<\/span> G.A.P<\/h1>\t\t\t\t<\/div>\n\t\t\t\t<\/div>\n\t\t\t\t\t<\/div>\n\t\t<\/div>\n\t\t\t\t\t<\/div>\n\t\t<\/section>\n\t\t\t\t<section class=\"elementor-section elementor-top-section elementor-element elementor-element-3e17557 elementor-section-boxed elementor-section-height-default elementor-section-height-default jltma-glass-effect-no\" data-id=\"3e17557\" data-element_type=\"section\" data-e-type=\"section\">\n\t\t\t\t\t\t<div class=\"elementor-container elementor-column-gap-default\">\n\t\t\t\t\t<div class=\"elementor-column elementor-col-50 elementor-top-column elementor-element elementor-element-2a9b566 jltma-glass-effect-no\" data-id=\"2a9b566\" data-element_type=\"column\" data-e-type=\"column\">\n\t\t\t<div class=\"elementor-widget-wrap elementor-element-populated\">\n\t\t\t\t\t\t<div class=\"elementor-element elementor-element-749096c jltma-glass-effect-no elementor-widget elementor-widget-image\" data-id=\"749096c\" data-element_type=\"widget\" data-e-type=\"widget\" data-widget_type=\"image.default\">\n\t\t\t\t<div class=\"elementor-widget-container\">\n\t\t\t\t\t\t\t\t\t\t\t\t\t\t\t<img fetchpriority=\"high\" decoding=\"async\" width=\"300\" height=\"286\" src=\"https:\/\/mistolancho.com.ar\/wp-content\/uploads\/2022\/10\/certificado-Mistol-Ancho-2.png\" class=\"attachment-large size-large wp-image-205\" alt=\"\" \/>\t\t\t\t\t\t\t\t\t\t\t\t\t\t\t<\/div>\n\t\t\t\t<\/div>\n\t\t\t\t\t<\/div>\n\t\t<\/div>\n\t\t\t\t<div class=\"elementor-column elementor-col-50 elementor-top-column elementor-element elementor-element-d205271 jltma-glass-effect-no\" data-id=\"d205271\" data-element_type=\"column\" data-e-type=\"column\">\n\t\t\t<div class=\"elementor-widget-wrap elementor-element-populated\">\n\t\t\t\t\t\t<div class=\"elementor-element elementor-element-d204b8e jltma-glass-effect-no elementor-widget elementor-widget-heading\" data-id=\"d204b8e\" data-element_type=\"widget\" data-e-type=\"widget\" data-widget_type=\"heading.default\">\n\t\t\t\t<div class=\"elementor-widget-container\">\n\t\t\t\t\t<h2 class=\"elementor-heading-title elementor-size-default\">GLOBAL G.A.P<\/h2>\t\t\t\t<\/div>\n\t\t\t\t<\/div>\n\t\t\t\t<div class=\"elementor-element elementor-element-b5f56b6 jltma-glass-effect-no elementor-widget elementor-widget-heading\" data-id=\"b5f56b6\" data-element_type=\"widget\" data-e-type=\"widget\" data-widget_type=\"heading.default\">\n\t\t\t\t<div class=\"elementor-widget-container\">\n\t\t\t\t\t<h4 class=\"elementor-heading-title elementor-size-default\">Cultivating the future of the planet<\/h4>\t\t\t\t<\/div>\n\t\t\t\t<\/div>\n\t\t\t\t<div class=\"elementor-element elementor-element-62def60 jltma-glass-effect-no elementor-widget elementor-widget-text-editor\" data-id=\"62def60\" data-element_type=\"widget\" data-e-type=\"widget\" data-widget_type=\"text-editor.default\">\n\t\t\t\t<div class=\"elementor-widget-container\">\n\t\t\t\t\t\t\t\t\t<p>We believe that systematizing our actions and standardizing them with international protocols that guarantee their environmental, social and economic sustainability is part of the company's philosophy.<\/p><p>We are certified in good agricultural and manufacturing practices.<\/p><p><span style=\"color: #84c340;\"><strong>GLOBAL G.A.P. <\/strong><\/span>is the internationally recognized standard for agricultural production. Our core product is the result of years of extensive research and collaboration with industry experts, producers and retailers around the world. Our goal is a safe and sustainable production.<\/p>\t\t\t\t\t\t\t\t<\/div>\n\t\t\t\t<\/div>\n\t\t\t\t\t<\/div>\n\t\t<\/div>\n\t\t\t\t\t<\/div>\n\t\t<\/section>\n\t\t\t\t<section class=\"elementor-section elementor-top-section elementor-element elementor-element-6356774 elementor-section-boxed elementor-section-height-default elementor-section-height-default jltma-glass-effect-no\" data-id=\"6356774\" data-element_type=\"section\" data-e-type=\"section\" data-settings=\"{&quot;background_background&quot;:&quot;classic&quot;}\">\n\t\t\t\t\t\t<div class=\"elementor-container elementor-column-gap-default\">\n\t\t\t\t\t<div class=\"elementor-column elementor-col-50 elementor-top-column elementor-element elementor-element-adf4f29 jltma-glass-effect-no\" data-id=\"adf4f29\" data-element_type=\"column\" data-e-type=\"column\">\n\t\t\t<div class=\"elementor-widget-wrap elementor-element-populated\">\n\t\t\t\t\t\t<div class=\"elementor-element elementor-element-2e73e30 jltma-glass-effect-no elementor-widget elementor-widget-heading\" data-id=\"2e73e30\" data-element_type=\"widget\" data-e-type=\"widget\" data-widget_type=\"heading.default\">\n\t\t\t\t<div class=\"elementor-widget-container\">\n\t\t\t\t\t<h3 class=\"elementor-heading-title elementor-size-default\">The GOBAL G.A.P. Certification covers:<\/h3>\t\t\t\t<\/div>\n\t\t\t\t<\/div>\n\t\t\t\t<div class=\"elementor-element elementor-element-36e50f6 jltma-glass-effect-no elementor-widget elementor-widget-text-editor\" data-id=\"36e50f6\" data-element_type=\"widget\" data-e-type=\"widget\" data-widget_type=\"text-editor.default\">\n\t\t\t\t<div class=\"elementor-widget-container\">\n\t\t\t\t\t\t\t\t\t<ul><li>Food safety and traceability<\/li><li>Environment (including biodiversity)<\/li><li>Workers health, safety and wellness<\/li><li>Animal welfare<\/li><li>This certificate includes Integrated Crop Management (ICM), Integrated Pest Management (IPM), Quality Management Systems (QMS) and Hazard Analysis and Critical Control Points (HACCP).<\/li><\/ul><p>This norm fosters  production efficiency and  business performance. Furthermore it sets standards to  minimise unnecessary waste.<\/p>\t\t\t\t\t\t\t\t<\/div>\n\t\t\t\t<\/div>\n\t\t\t\t\t<\/div>\n\t\t<\/div>\n\t\t\t\t<div class=\"elementor-column elementor-col-50 elementor-top-column elementor-element elementor-element-5afc5ca jltma-glass-effect-no\" data-id=\"5afc5ca\" data-element_type=\"column\" data-e-type=\"column\">\n\t\t\t<div class=\"elementor-widget-wrap elementor-element-populated\">\n\t\t\t\t\t\t<div class=\"elementor-element elementor-element-e2a473b elementor-absolute elementor-hidden-tablet elementor-hidden-mobile jltma-glass-effect-no elementor-widget elementor-widget-image\" data-id=\"e2a473b\" data-element_type=\"widget\" data-e-type=\"widget\" data-settings=\"{&quot;_position&quot;:&quot;absolute&quot;}\" data-widget_type=\"image.default\">\n\t\t\t\t<div class=\"elementor-widget-container\">\n\t\t\t\t\t\t\t\t\t\t\t\t\t\t\t<img decoding=\"async\" width=\"655\" height=\"368\" src=\"https:\/\/mistolancho.com.ar\/wp-content\/uploads\/2022\/10\/mistol-ancho-corzuela.png\" class=\"attachment-large size-large wp-image-203\" alt=\"\" srcset=\"https:\/\/mistolancho.com.ar\/wp-content\/uploads\/2022\/10\/mistol-ancho-corzuela.png 655w, https:\/\/mistolancho.com.ar\/wp-content\/uploads\/2022\/10\/mistol-ancho-corzuela-300x169.png 300w\" sizes=\"(max-width: 655px) 100vw, 655px\" \/>\t\t\t\t\t\t\t\t\t\t\t\t\t\t\t<\/div>\n\t\t\t\t<\/div>\n\t\t\t\t<div class=\"elementor-element elementor-element-07b6a37 elementor-widget-tablet__width-inherit jltma-glass-effect-no elementor-widget elementor-widget-image\" data-id=\"07b6a37\" data-element_type=\"widget\" data-e-type=\"widget\" data-widget_type=\"image.default\">\n\t\t\t\t<div class=\"elementor-widget-container\">\n\t\t\t\t\t\t\t\t\t\t\t\t\t\t\t<img decoding=\"async\" width=\"600\" height=\"400\" src=\"https:\/\/mistolancho.com.ar\/wp-content\/uploads\/2022\/10\/depositphotos_196687710-stock-photo-hands-holding-and-caring-a.webp\" class=\"attachment-large size-large wp-image-622\" alt=\"\" srcset=\"https:\/\/mistolancho.com.ar\/wp-content\/uploads\/2022\/10\/depositphotos_196687710-stock-photo-hands-holding-and-caring-a.webp 600w, https:\/\/mistolancho.com.ar\/wp-content\/uploads\/2022\/10\/depositphotos_196687710-stock-photo-hands-holding-and-caring-a-300x200.webp 300w, https:\/\/mistolancho.com.ar\/wp-content\/uploads\/2022\/10\/depositphotos_196687710-stock-photo-hands-holding-and-caring-a-200x133.webp 200w\" sizes=\"(max-width: 600px) 100vw, 600px\" \/>\t\t\t\t\t\t\t\t\t\t\t\t\t\t\t<\/div>\n\t\t\t\t<\/div>\n\t\t\t\t\t<\/div>\n\t\t<\/div>\n\t\t\t\t\t<\/div>\n\t\t<\/section>\n\t\t\t\t<section class=\"elementor-section elementor-top-section elementor-element elementor-element-7b29aec elementor-section-boxed elementor-section-height-default elementor-section-height-default jltma-glass-effect-no\" data-id=\"7b29aec\" data-element_type=\"section\" data-e-type=\"section\" data-settings=\"{&quot;background_background&quot;:&quot;classic&quot;}\">\n\t\t\t\t\t\t\t<div class=\"elementor-background-overlay\"><\/div>\n\t\t\t\t\t\t\t<div class=\"elementor-container elementor-column-gap-default\">\n\t\t\t\t\t<div class=\"elementor-column elementor-col-100 elementor-top-column elementor-element elementor-element-017abb9 jltma-glass-effect-no\" data-id=\"017abb9\" data-element_type=\"column\" data-e-type=\"column\">\n\t\t\t<div class=\"elementor-widget-wrap elementor-element-populated\">\n\t\t\t\t\t\t<div class=\"elementor-element elementor-element-e17da05 elementor-view-default jltma-glass-effect-no elementor-widget elementor-widget-icon\" data-id=\"e17da05\" data-element_type=\"widget\" data-e-type=\"widget\" data-widget_type=\"icon.default\">\n\t\t\t\t<div class=\"elementor-widget-container\">\n\t\t\t\t\t\t\t<div class=\"elementor-icon-wrapper\">\n\t\t\t<div class=\"elementor-icon\">\n\t\t\t<i aria-hidden=\"true\" class=\"fas fa-sync-alt\"><\/i>\t\t\t<\/div>\n\t\t<\/div>\n\t\t\t\t\t\t<\/div>\n\t\t\t\t<\/div>\n\t\t\t\t<div class=\"elementor-element elementor-element-28dc6fa jltma-glass-effect-no elementor-widget elementor-widget-heading\" data-id=\"28dc6fa\" data-element_type=\"widget\" data-e-type=\"widget\" data-widget_type=\"heading.default\">\n\t\t\t\t<div class=\"elementor-widget-container\">\n\t\t\t\t\t<h3 class=\"elementor-heading-title elementor-size-default\">Carbon capture<\/h3>\t\t\t\t<\/div>\n\t\t\t\t<\/div>\n\t\t\t\t<div class=\"elementor-element elementor-element-e10a19d jltma-glass-effect-no elementor-widget elementor-widget-text-editor\" data-id=\"e10a19d\" data-element_type=\"widget\" data-e-type=\"widget\" data-widget_type=\"text-editor.default\">\n\t\t\t\t<div class=\"elementor-widget-container\">\n\t\t\t\t\t\t\t\t\t<p style=\"text-align: center;\">We are currently analising whether our irrigated highly-productive systems have positive balance carbon sinks. So far results are promising, our irrigated lots have more than  2 crops per year with a high frequency of grasses, such as corn and wheat.<\/p><p style=\"text-align: center;\">Since   these crops are highly productive crops, they   capture large amounts of CO2.<\/p>\t\t\t\t\t\t\t\t<\/div>\n\t\t\t\t<\/div>\n\t\t\t\t\t<\/div>\n\t\t<\/div>\n\t\t\t\t\t<\/div>\n\t\t<\/section>\n\t\t\t\t<\/div>","protected":false},"excerpt":{"rendered":"<p>GLOBAL G.A.P GLOBAL G.A.P Cultivando el futuro del planeta Creemos que sistematizar nuestras acciones y normalizarlas con protocolos internacionales que garanticen su sostenibilidad ambiental, social y econ\u00f3mica es parte de la filosof\u00eda de la empresa. Estamos certificados en buenas pr\u00e1cticas agr\u00edcolas y de manufactura. GLOBAL G.A.P. es la norma con reconocimiento internacional para la producci\u00f3n [&hellip;]<\/p>\n","protected":false},"author":1,"featured_media":0,"parent":0,"menu_order":0,"comment_status":"closed","ping_status":"closed","template":"","meta":{"site-sidebar-layout":"no-sidebar","site-content-layout":"page-builder","ast-site-content-layout":"default","site-content-style":"default","site-sidebar-style":"default","ast-global-header-display":"","ast-banner-title-visibility":"","ast-main-header-display":"","ast-hfb-above-header-display":"","ast-hfb-below-header-display":"","ast-hfb-mobile-header-display":"","site-post-title":"disabled","ast-breadcrumbs-content":"","ast-featured-img":"","footer-sml-layout":"","ast-disable-related-posts":"","theme-transparent-header-meta":"","adv-header-id-meta":"","stick-header-meta":"","header-above-stick-meta":"","header-main-stick-meta":"","header-below-stick-meta":"","astra-migrate-meta-layouts":"default","ast-page-background-enabled":"default","ast-page-background-meta":{"desktop":{"background-color":"var(--ast-global-color-4)","background-image":"","background-repeat":"repeat","background-position":"center center","background-size":"auto","background-attachment":"scroll","background-type":"","background-media":"","overlay-type":"","overlay-color":"","overlay-opacity":"","overlay-gradient":""},"tablet":{"background-color":"","background-image":"","background-repeat":"repeat","background-position":"center center","background-size":"auto","background-attachment":"scroll","background-type":"","background-media":"","overlay-type":"","overlay-color":"","overlay-opacity":"","overlay-gradient":""},"mobile":{"background-color":"","background-image":"","background-repeat":"repeat","background-position":"center center","background-size":"auto","background-attachment":"scroll","background-type":"","background-media":"","overlay-type":"","overlay-color":"","overlay-opacity":"","overlay-gradient":""}},"ast-content-background-meta":{"desktop":{"background-color":"var(--ast-global-color-5)","background-image":"","background-repeat":"repeat","background-position":"center center","background-size":"auto","background-attachment":"scroll","background-type":"","background-media":"","overlay-type":"","overlay-color":"","overlay-opacity":"","overlay-gradient":""},"tablet":{"background-color":"var(--ast-global-color-5)","background-image":"","background-repeat":"repeat","background-position":"center center","background-size":"auto","background-attachment":"scroll","background-type":"","background-media":"","overlay-type":"","overlay-color":"","overlay-opacity":"","overlay-gradient":""},"mobile":{"background-color":"var(--ast-global-color-5)","background-image":"","background-repeat":"repeat","background-position":"center center","background-size":"auto","background-attachment":"scroll","background-type":"","background-media":"","overlay-type":"","overlay-color":"","overlay-opacity":"","overlay-gradient":""}},"footnotes":""},"class_list":["post-38","page","type-page","status-publish","hentry"],"yoast_head":"<!-- This site is optimized with the Yoast SEO plugin v27.4 - https:\/\/yoast.com\/product\/yoast-seo-wordpress\/ -->\n<title>Global GAP - Mistol Ancho<\/title>\n<meta name=\"robots\" content=\"index, follow, max-snippet:-1, max-image-preview:large, max-video-preview:-1\" \/>\n<link rel=\"canonical\" href=\"https:\/\/mistolancho.com.ar\/en\/global-gap\/\" \/>\n<meta property=\"og:locale\" content=\"en_GB\" \/>\n<meta property=\"og:type\" content=\"article\" \/>\n<meta property=\"og:title\" content=\"Global GAP - Mistol Ancho\" \/>\n<meta property=\"og:description\" content=\"GLOBAL G.A.P GLOBAL G.A.P Cultivando el futuro del planeta Creemos que sistematizar nuestras acciones y normalizarlas con protocolos internacionales que garanticen su sostenibilidad ambiental, social y econ\u00f3mica es parte de la filosof\u00eda de la empresa. Estamos certificados en buenas pr\u00e1cticas agr\u00edcolas y de manufactura. GLOBAL G.A.P. es la norma con reconocimiento internacional para la producci\u00f3n [&hellip;]\" \/>\n<meta property=\"og:url\" content=\"https:\/\/mistolancho.com.ar\/en\/global-gap\/\" \/>\n<meta property=\"og:site_name\" content=\"Mistol Ancho\" \/>\n<meta property=\"article:modified_time\" content=\"2022-10-27T02:46:01+00:00\" \/>\n<meta property=\"og:image\" content=\"http:\/\/mistolancho.com.ar\/wp-content\/uploads\/2022\/10\/certificado-Mistol-Ancho-2.png\" \/>\n<meta name=\"twitter:card\" content=\"summary_large_image\" \/>\n<meta name=\"twitter:label1\" content=\"Estimated reading time\" \/>\n\t<meta name=\"twitter:data1\" content=\"3 minutes\" \/>\n<script type=\"application\/ld+json\" class=\"yoast-schema-graph\">{\"@context\":\"https:\\\/\\\/schema.org\",\"@graph\":[{\"@type\":\"WebPage\",\"@id\":\"https:\\\/\\\/mistolancho.com.ar\\\/global-gap\\\/\",\"url\":\"https:\\\/\\\/mistolancho.com.ar\\\/global-gap\\\/\",\"name\":\"Global GAP - Mistol Ancho\",\"isPartOf\":{\"@id\":\"https:\\\/\\\/mistolancho.com.ar\\\/#website\"},\"primaryImageOfPage\":{\"@id\":\"https:\\\/\\\/mistolancho.com.ar\\\/global-gap\\\/#primaryimage\"},\"image\":{\"@id\":\"https:\\\/\\\/mistolancho.com.ar\\\/global-gap\\\/#primaryimage\"},\"thumbnailUrl\":\"http:\\\/\\\/mistolancho.com.ar\\\/wp-content\\\/uploads\\\/2022\\\/10\\\/certificado-Mistol-Ancho-2.png\",\"datePublished\":\"2022-10-07T18:05:14+00:00\",\"dateModified\":\"2022-10-27T02:46:01+00:00\",\"breadcrumb\":{\"@id\":\"https:\\\/\\\/mistolancho.com.ar\\\/global-gap\\\/#breadcrumb\"},\"inLanguage\":\"en-GB\",\"potentialAction\":[{\"@type\":\"ReadAction\",\"target\":[\"https:\\\/\\\/mistolancho.com.ar\\\/global-gap\\\/\"]}]},{\"@type\":\"ImageObject\",\"inLanguage\":\"en-GB\",\"@id\":\"https:\\\/\\\/mistolancho.com.ar\\\/global-gap\\\/#primaryimage\",\"url\":\"http:\\\/\\\/mistolancho.com.ar\\\/wp-content\\\/uploads\\\/2022\\\/10\\\/certificado-Mistol-Ancho-2.png\",\"contentUrl\":\"http:\\\/\\\/mistolancho.com.ar\\\/wp-content\\\/uploads\\\/2022\\\/10\\\/certificado-Mistol-Ancho-2.png\"},{\"@type\":\"BreadcrumbList\",\"@id\":\"https:\\\/\\\/mistolancho.com.ar\\\/global-gap\\\/#breadcrumb\",\"itemListElement\":[{\"@type\":\"ListItem\",\"position\":1,\"name\":\"Portada\",\"item\":\"https:\\\/\\\/mistolancho.com.ar\\\/\"},{\"@type\":\"ListItem\",\"position\":2,\"name\":\"Global GAP\"}]},{\"@type\":\"WebSite\",\"@id\":\"https:\\\/\\\/mistolancho.com.ar\\\/#website\",\"url\":\"https:\\\/\\\/mistolancho.com.ar\\\/\",\"name\":\"Mistol Ancho\",\"description\":\"\",\"publisher\":{\"@id\":\"https:\\\/\\\/mistolancho.com.ar\\\/#organization\"},\"potentialAction\":[{\"@type\":\"SearchAction\",\"target\":{\"@type\":\"EntryPoint\",\"urlTemplate\":\"https:\\\/\\\/mistolancho.com.ar\\\/?s={search_term_string}\"},\"query-input\":{\"@type\":\"PropertyValueSpecification\",\"valueRequired\":true,\"valueName\":\"search_term_string\"}}],\"inLanguage\":\"en-GB\"},{\"@type\":\"Organization\",\"@id\":\"https:\\\/\\\/mistolancho.com.ar\\\/#organization\",\"name\":\"Mistol Ancho\",\"url\":\"https:\\\/\\\/mistolancho.com.ar\\\/\",\"logo\":{\"@type\":\"ImageObject\",\"inLanguage\":\"en-GB\",\"@id\":\"https:\\\/\\\/mistolancho.com.ar\\\/#\\\/schema\\\/logo\\\/image\\\/\",\"url\":\"https:\\\/\\\/mistolancho.com.ar\\\/wp-content\\\/uploads\\\/2022\\\/10\\\/cropped-logo-verde-footer.png\",\"contentUrl\":\"https:\\\/\\\/mistolancho.com.ar\\\/wp-content\\\/uploads\\\/2022\\\/10\\\/cropped-logo-verde-footer.png\",\"width\":308,\"height\":200,\"caption\":\"Mistol Ancho\"},\"image\":{\"@id\":\"https:\\\/\\\/mistolancho.com.ar\\\/#\\\/schema\\\/logo\\\/image\\\/\"}}]}<\/script>\n<!-- \/ Yoast SEO plugin. -->","yoast_head_json":{"title":"Global GAP - Mistol Ancho","robots":{"index":"index","follow":"follow","max-snippet":"max-snippet:-1","max-image-preview":"max-image-preview:large","max-video-preview":"max-video-preview:-1"},"canonical":"https:\/\/mistolancho.com.ar\/en\/global-gap\/","og_locale":"en_GB","og_type":"article","og_title":"Global GAP - Mistol Ancho","og_description":"GLOBAL G.A.P GLOBAL G.A.P Cultivando el futuro del planeta Creemos que sistematizar nuestras acciones y normalizarlas con protocolos internacionales que garanticen su sostenibilidad ambiental, social y econ\u00f3mica es parte de la filosof\u00eda de la empresa. Estamos certificados en buenas pr\u00e1cticas agr\u00edcolas y de manufactura. GLOBAL G.A.P. es la norma con reconocimiento internacional para la producci\u00f3n [&hellip;]","og_url":"https:\/\/mistolancho.com.ar\/en\/global-gap\/","og_site_name":"Mistol Ancho","article_modified_time":"2022-10-27T02:46:01+00:00","og_image":[{"url":"http:\/\/mistolancho.com.ar\/wp-content\/uploads\/2022\/10\/certificado-Mistol-Ancho-2.png","type":"","width":"","height":""}],"twitter_card":"summary_large_image","twitter_misc":{"Estimated reading time":"3 minutes"},"schema":{"@context":"https:\/\/schema.org","@graph":[{"@type":"WebPage","@id":"https:\/\/mistolancho.com.ar\/global-gap\/","url":"https:\/\/mistolancho.com.ar\/global-gap\/","name":"Global GAP - Mistol Ancho","isPartOf":{"@id":"https:\/\/mistolancho.com.ar\/#website"},"primaryImageOfPage":{"@id":"https:\/\/mistolancho.com.ar\/global-gap\/#primaryimage"},"image":{"@id":"https:\/\/mistolancho.com.ar\/global-gap\/#primaryimage"},"thumbnailUrl":"http:\/\/mistolancho.com.ar\/wp-content\/uploads\/2022\/10\/certificado-Mistol-Ancho-2.png","datePublished":"2022-10-07T18:05:14+00:00","dateModified":"2022-10-27T02:46:01+00:00","breadcrumb":{"@id":"https:\/\/mistolancho.com.ar\/global-gap\/#breadcrumb"},"inLanguage":"en-GB","potentialAction":[{"@type":"ReadAction","target":["https:\/\/mistolancho.com.ar\/global-gap\/"]}]},{"@type":"ImageObject","inLanguage":"en-GB","@id":"https:\/\/mistolancho.com.ar\/global-gap\/#primaryimage","url":"http:\/\/mistolancho.com.ar\/wp-content\/uploads\/2022\/10\/certificado-Mistol-Ancho-2.png","contentUrl":"http:\/\/mistolancho.com.ar\/wp-content\/uploads\/2022\/10\/certificado-Mistol-Ancho-2.png"},{"@type":"BreadcrumbList","@id":"https:\/\/mistolancho.com.ar\/global-gap\/#breadcrumb","itemListElement":[{"@type":"ListItem","position":1,"name":"Portada","item":"https:\/\/mistolancho.com.ar\/"},{"@type":"ListItem","position":2,"name":"Global GAP"}]},{"@type":"WebSite","@id":"https:\/\/mistolancho.com.ar\/#website","url":"https:\/\/mistolancho.com.ar\/","name":"Mistol Ancho","description":"","publisher":{"@id":"https:\/\/mistolancho.com.ar\/#organization"},"potentialAction":[{"@type":"SearchAction","target":{"@type":"EntryPoint","urlTemplate":"https:\/\/mistolancho.com.ar\/?s={search_term_string}"},"query-input":{"@type":"PropertyValueSpecification","valueRequired":true,"valueName":"search_term_string"}}],"inLanguage":"en-GB"},{"@type":"Organization","@id":"https:\/\/mistolancho.com.ar\/#organization","name":"Mistol Ancho","url":"https:\/\/mistolancho.com.ar\/","logo":{"@type":"ImageObject","inLanguage":"en-GB","@id":"https:\/\/mistolancho.com.ar\/#\/schema\/logo\/image\/","url":"https:\/\/mistolancho.com.ar\/wp-content\/uploads\/2022\/10\/cropped-logo-verde-footer.png","contentUrl":"https:\/\/mistolancho.com.ar\/wp-content\/uploads\/2022\/10\/cropped-logo-verde-footer.png","width":308,"height":200,"caption":"Mistol Ancho"},"image":{"@id":"https:\/\/mistolancho.com.ar\/#\/schema\/logo\/image\/"}}]}},"_links":{"self":[{"href":"https:\/\/mistolancho.com.ar\/en\/wp-json\/wp\/v2\/pages\/38","targetHints":{"allow":["GET"]}}],"collection":[{"href":"https:\/\/mistolancho.com.ar\/en\/wp-json\/wp\/v2\/pages"}],"about":[{"href":"https:\/\/mistolancho.com.ar\/en\/wp-json\/wp\/v2\/types\/page"}],"author":[{"embeddable":true,"href":"https:\/\/mistolancho.com.ar\/en\/wp-json\/wp\/v2\/users\/1"}],"replies":[{"embeddable":true,"href":"https:\/\/mistolancho.com.ar\/en\/wp-json\/wp\/v2\/comments?post=38"}],"version-history":[{"count":53,"href":"https:\/\/mistolancho.com.ar\/en\/wp-json\/wp\/v2\/pages\/38\/revisions"}],"predecessor-version":[{"id":951,"href":"https:\/\/mistolancho.com.ar\/en\/wp-json\/wp\/v2\/pages\/38\/revisions\/951"}],"wp:attachment":[{"href":"https:\/\/mistolancho.com.ar\/en\/wp-json\/wp\/v2\/media?parent=38"}],"curies":[{"name":"wp","href":"https:\/\/api.w.org\/{rel}","templated":true}]}}